{"id":13,"date":"2022-08-27T19:56:48","date_gmt":"2022-08-27T19:56:48","guid":{"rendered":"http:\/\/zumjb.pl\/?page_id=13"},"modified":"2025-01-22T08:46:52","modified_gmt":"2025-01-22T08:46:52","slug":"strona-glowna","status":"publish","type":"page","link":"https:\/\/zumjb.pl\/","title":{"rendered":"Strona g\u0142\u00f3wna"},"content":{"rendered":"\t\t<div data-elementor-type=\"wp-page\" data-elementor-id=\"13\" class=\"elementor elementor-13\">\n\t\t\t\t\t\t<section class=\"elementor-section elementor-top-section elementor-element elementor-element-f50eb6a elementor-section-boxed elementor-section-height-default elementor-section-height-default\" data-id=\"f50eb6a\" data-element_type=\"section\">\n\t\t\t\t\t\t<div class=\"elementor-container elementor-column-gap-default\">\n\t\t\t\t\t<div class=\"elementor-column elementor-col-50 elementor-top-column elementor-element elementor-element-919f6d5\" data-id=\"919f6d5\" data-element_type=\"column\">\n\t\t\t<div class=\"elementor-widget-wrap elementor-element-populated\">\n\t\t\t\t\t\t<div class=\"elementor-element elementor-element-f4d0e7f animated-slow e-transform elementor-invisible elementor-widget elementor-widget-image\" data-id=\"f4d0e7f\" data-element_type=\"widget\" data-settings=\"{&quot;_animation&quot;:&quot;zoomIn&quot;,&quot;_transform_rotateZ_effect&quot;:{&quot;unit&quot;:&quot;px&quot;,&quot;size&quot;:&quot;&quot;,&quot;sizes&quot;:[]},&quot;_transform_rotateZ_effect_tablet&quot;:{&quot;unit&quot;:&quot;deg&quot;,&quot;size&quot;:&quot;&quot;,&quot;sizes&quot;:[]},&quot;_transform_rotateZ_effect_mobile&quot;:{&quot;unit&quot;:&quot;deg&quot;,&quot;size&quot;:&quot;&quot;,&quot;sizes&quot;:[]}}\" data-widget_type=\"image.default\">\n\t\t\t\t<div class=\"elementor-widget-container\">\n\t\t\t\t\t\t\t\t\t\t\t\t\t\t\t<img fetchpriority=\"high\" decoding=\"async\" width=\"750\" height=\"436\" src=\"https:\/\/zumjb.pl\/wp-content\/uploads\/2022\/11\/cropped-ZUM-kolor-wieksza-rozdzielczosc-scaled-1-1024x595.jpg\" class=\"attachment-large size-large wp-image-104\" alt=\"\" srcset=\"https:\/\/zumjb.pl\/wp-content\/uploads\/2022\/11\/cropped-ZUM-kolor-wieksza-rozdzielczosc-scaled-1-1024x595.jpg 1024w, https:\/\/zumjb.pl\/wp-content\/uploads\/2022\/11\/cropped-ZUM-kolor-wieksza-rozdzielczosc-scaled-1-300x174.jpg 300w, https:\/\/zumjb.pl\/wp-content\/uploads\/2022\/11\/cropped-ZUM-kolor-wieksza-rozdzielczosc-scaled-1-768x446.jpg 768w, https:\/\/zumjb.pl\/wp-content\/uploads\/2022\/11\/cropped-ZUM-kolor-wieksza-rozdzielczosc-scaled-1-1536x892.jpg 1536w, https:\/\/zumjb.pl\/wp-content\/uploads\/2022\/11\/cropped-ZUM-kolor-wieksza-rozdzielczosc-scaled-1-2048x1190.jpg 2048w\" sizes=\"(max-width: 750px) 100vw, 750px\" \/>\t\t\t\t\t\t\t\t\t\t\t\t\t\t\t<\/div>\n\t\t\t\t<\/div>\n\t\t\t\t\t<\/div>\n\t\t<\/div>\n\t\t\t\t<div class=\"elementor-column elementor-col-50 elementor-top-column elementor-element elementor-element-06002c2\" data-id=\"06002c2\" data-element_type=\"column\">\n\t\t\t<div class=\"elementor-widget-wrap elementor-element-populated\">\n\t\t\t\t\t\t<div class=\"elementor-element elementor-element-7d7293b animated-slow elementor-invisible elementor-widget elementor-widget-text-editor\" data-id=\"7d7293b\" data-element_type=\"widget\" data-settings=\"{&quot;_animation&quot;:&quot;zoomIn&quot;,&quot;_animation_delay&quot;:0}\" data-widget_type=\"text-editor.default\">\n\t\t\t\t<div class=\"elementor-widget-container\">\n\t\t\t\t\t\t\t\t\t<p>Historia firmy si\u0119ga 2004 roku. Wtedy to w\u0142a\u015bciciel &#8211; Jerzy Bednarz postanowi\u0142 wykorzysta\u0107 swoje wieloletnie ju\u017c do\u015bwiadczenie w pracy tokarza-frezera w wype\u0142nieniu luki w \u015bwiadczeniu us\u0142ug obr\u00f3bki wi\u00f3rowej na lokalnym rynku. Pocz\u0105tkowo w ma\u0142ym zak\u0142adzie &#8211; w gara\u017cu pojawi\u0142y si\u0119 pierwsze konwencjonalne tokarki i frezarki. Z czasem poszerza\u0142o si\u0119 grono kooperant\u00f3w, a to wymaga\u0142o rozszerzenia parku maszynowego oraz \u015bwiadczonych us\u0142ug wykraczaj\u0105cych poza obr\u00f3bk\u0119 mechaniczn\u0105 detali. Z czasem przyszed\u0142 czas na rozbudow\u0119 i przenosiny firmy na teren strefy przemys\u0142owej (na terenie by\u0142ego Siarkopolu) oraz pozyskanie zaawansowanych maszyn CNC. I tak rozwijamy si\u0119 do dzi\u015b&#8230; a na tym nie poprzestajemy!<\/p>\t\t\t\t\t\t\t\t<\/div>\n\t\t\t\t<\/div>\n\t\t\t\t\t<\/div>\n\t\t<\/div>\n\t\t\t\t\t<\/div>\n\t\t<\/section>\n\t\t\t\t<section class=\"elementor-section elementor-top-section elementor-element elementor-element-34bc324 elementor-section-boxed elementor-section-height-default elementor-section-height-default\" data-id=\"34bc324\" data-element_type=\"section\">\n\t\t\t\t\t\t<div class=\"elementor-container elementor-column-gap-default\">\n\t\t\t\t\t<div class=\"elementor-column elementor-col-33 elementor-top-column elementor-element elementor-element-af65ebc\" data-id=\"af65ebc\" data-element_type=\"column\">\n\t\t\t<div class=\"elementor-widget-wrap elementor-element-populated\">\n\t\t\t\t\t\t<div class=\"elementor-element elementor-element-0b118fc elementor-position-top elementor-widget elementor-widget-image-box\" data-id=\"0b118fc\" data-element_type=\"widget\" data-widget_type=\"image-box.default\">\n\t\t\t\t<div class=\"elementor-widget-container\">\n\t\t\t\t\t<div class=\"elementor-image-box-wrapper\"><figure class=\"elementor-image-box-img\"><img decoding=\"async\" width=\"750\" height=\"502\" src=\"https:\/\/zumjb.pl\/wp-content\/uploads\/2022\/12\/toczenie-768x514.jpg\" class=\"attachment-medium_large size-medium_large wp-image-352\" alt=\"\" srcset=\"https:\/\/zumjb.pl\/wp-content\/uploads\/2022\/12\/toczenie-768x514.jpg 768w, https:\/\/zumjb.pl\/wp-content\/uploads\/2022\/12\/toczenie-300x201.jpg 300w, https:\/\/zumjb.pl\/wp-content\/uploads\/2022\/12\/toczenie-1024x685.jpg 1024w, https:\/\/zumjb.pl\/wp-content\/uploads\/2022\/12\/toczenie-1536x1028.jpg 1536w, https:\/\/zumjb.pl\/wp-content\/uploads\/2022\/12\/toczenie-360x240.jpg 360w, https:\/\/zumjb.pl\/wp-content\/uploads\/2022\/12\/toczenie.jpg 1920w\" sizes=\"(max-width: 750px) 100vw, 750px\" \/><\/figure><div class=\"elementor-image-box-content\"><h3 class=\"elementor-image-box-title\">Toczenie CNC<\/h3><p class=\"elementor-image-box-description\">W naszym parku maszyn posiadamy zar\u00f3wno tradycyjne, konwencjonalne tokarki, jak i nowoczesne zaawansowane tokarki CNC, kt\u00f3re pozwalaj\u0105 na realizacj\u0119 detali z zachowaniem wysokiej precyzji wykonania. <\/p><\/div><\/div>\t\t\t\t<\/div>\n\t\t\t\t<\/div>\n\t\t\t\t\t<\/div>\n\t\t<\/div>\n\t\t\t\t<div class=\"elementor-column elementor-col-33 elementor-top-column elementor-element elementor-element-b508c89\" data-id=\"b508c89\" data-element_type=\"column\">\n\t\t\t<div class=\"elementor-widget-wrap elementor-element-populated\">\n\t\t\t\t\t\t<div class=\"elementor-element elementor-element-f3bd6b7 elementor-position-top elementor-widget elementor-widget-image-box\" data-id=\"f3bd6b7\" data-element_type=\"widget\" data-widget_type=\"image-box.default\">\n\t\t\t\t<div class=\"elementor-widget-container\">\n\t\t\t\t\t<div class=\"elementor-image-box-wrapper\"><figure class=\"elementor-image-box-img\"><img decoding=\"async\" width=\"1920\" height=\"1440\" src=\"https:\/\/zumjb.pl\/wp-content\/uploads\/2022\/12\/frezowanie.jpg\" class=\"attachment-full size-full wp-image-350\" alt=\"\" srcset=\"https:\/\/zumjb.pl\/wp-content\/uploads\/2022\/12\/frezowanie.jpg 1920w, https:\/\/zumjb.pl\/wp-content\/uploads\/2022\/12\/frezowanie-300x225.jpg 300w, https:\/\/zumjb.pl\/wp-content\/uploads\/2022\/12\/frezowanie-1024x768.jpg 1024w, https:\/\/zumjb.pl\/wp-content\/uploads\/2022\/12\/frezowanie-768x576.jpg 768w, https:\/\/zumjb.pl\/wp-content\/uploads\/2022\/12\/frezowanie-1536x1152.jpg 1536w\" sizes=\"(max-width: 1920px) 100vw, 1920px\" \/><\/figure><div class=\"elementor-image-box-content\"><h3 class=\"elementor-image-box-title\">Frezowanie CNC<\/h3><p class=\"elementor-image-box-description\">W swoim zakresie oferujemy naszym kooperantom obr\u00f3bk\u0119 wi\u00f3row\u0105 w postaci frezowania zar\u00f3wno na frezarkach konwencjonalnych, jak i na frezarkach CNC.<\/p><\/div><\/div>\t\t\t\t<\/div>\n\t\t\t\t<\/div>\n\t\t\t\t\t<\/div>\n\t\t<\/div>\n\t\t\t\t<div class=\"elementor-column elementor-col-33 elementor-top-column elementor-element elementor-element-d107f09\" data-id=\"d107f09\" data-element_type=\"column\">\n\t\t\t<div class=\"elementor-widget-wrap elementor-element-populated\">\n\t\t\t\t\t\t<div class=\"elementor-element elementor-element-52fe6cb elementor-position-top elementor-widget elementor-widget-image-box\" data-id=\"52fe6cb\" data-element_type=\"widget\" data-widget_type=\"image-box.default\">\n\t\t\t\t<div class=\"elementor-widget-container\">\n\t\t\t\t\t<div class=\"elementor-image-box-wrapper\"><figure class=\"elementor-image-box-img\"><img loading=\"lazy\" decoding=\"async\" width=\"1920\" height=\"1280\" src=\"https:\/\/zumjb.pl\/wp-content\/uploads\/2022\/12\/spawanie.jpg\" class=\"attachment-full size-full wp-image-351\" alt=\"\" srcset=\"https:\/\/zumjb.pl\/wp-content\/uploads\/2022\/12\/spawanie.jpg 1920w, https:\/\/zumjb.pl\/wp-content\/uploads\/2022\/12\/spawanie-300x200.jpg 300w, https:\/\/zumjb.pl\/wp-content\/uploads\/2022\/12\/spawanie-1024x683.jpg 1024w, https:\/\/zumjb.pl\/wp-content\/uploads\/2022\/12\/spawanie-768x512.jpg 768w, https:\/\/zumjb.pl\/wp-content\/uploads\/2022\/12\/spawanie-1536x1024.jpg 1536w, https:\/\/zumjb.pl\/wp-content\/uploads\/2022\/12\/spawanie-360x240.jpg 360w\" sizes=\"(max-width: 1920px) 100vw, 1920px\" \/><\/figure><div class=\"elementor-image-box-content\"><h3 class=\"elementor-image-box-title\">Konstrukcje spawane wymagaj\u0105ce obr\u00f3bki wi\u00f3rowej<\/h3><p class=\"elementor-image-box-description\">Oferujemy kompleksowe wykonanie konstrukcji stalowych i urz\u0105dze\u0144, kt\u00f3re w swoim zakresie wymagaj\u0105 zar\u00f3wno obr\u00f3bki mechanicznej poszczeg\u00f3lnych detali, jak i spawania element\u00f3w w ca\u0142o\u015b\u0107.<\/p><\/div><\/div>\t\t\t\t<\/div>\n\t\t\t\t<\/div>\n\t\t\t\t\t<\/div>\n\t\t<\/div>\n\t\t\t\t\t<\/div>\n\t\t<\/section>\n\t\t\t\t<section class=\"elementor-section elementor-top-section elementor-element elementor-element-5b1891b elementor-section-boxed elementor-section-height-default elementor-section-height-default\" data-id=\"5b1891b\" data-element_type=\"section\">\n\t\t\t\t\t\t<div class=\"elementor-container elementor-column-gap-default\">\n\t\t\t\t\t<div class=\"elementor-column elementor-col-100 elementor-top-column elementor-element elementor-element-ffd62bf\" data-id=\"ffd62bf\" data-element_type=\"column\">\n\t\t\t<div class=\"elementor-widget-wrap elementor-element-populated\">\n\t\t\t\t\t\t<div class=\"elementor-element elementor-element-18966a0 elementor-widget elementor-widget-heading\" data-id=\"18966a0\" data-element_type=\"widget\" data-widget_type=\"heading.default\">\n\t\t\t\t<div class=\"elementor-widget-container\">\n\t\t\t\t\t<h2 class=\"elementor-heading-title elementor-size-xl\">Z.U.M. W LICZBACH<\/h2>\t\t\t\t<\/div>\n\t\t\t\t<\/div>\n\t\t\t\t\t<\/div>\n\t\t<\/div>\n\t\t\t\t\t<\/div>\n\t\t<\/section>\n\t\t\t\t<section class=\"elementor-section elementor-top-section elementor-element elementor-element-4b4c005 elementor-section-boxed elementor-section-height-default elementor-section-height-default\" data-id=\"4b4c005\" data-element_type=\"section\">\n\t\t\t\t\t\t<div class=\"elementor-container elementor-column-gap-default\">\n\t\t\t\t\t<div class=\"elementor-column elementor-col-33 elementor-top-column elementor-element elementor-element-24f4811\" data-id=\"24f4811\" data-element_type=\"column\">\n\t\t\t<div class=\"elementor-widget-wrap elementor-element-populated\">\n\t\t\t\t\t\t<div class=\"elementor-element elementor-element-c8ac53e animated-slow elementor-invisible elementor-widget elementor-widget-counter\" data-id=\"c8ac53e\" data-element_type=\"widget\" data-settings=\"{&quot;_animation&quot;:&quot;zoomIn&quot;}\" data-widget_type=\"counter.default\">\n\t\t\t\t<div class=\"elementor-widget-container\">\n\t\t\t\t\t\t\t<div class=\"elementor-counter\">\n\t\t\t<div class=\"elementor-counter-title\">lat istnienia firmy<\/div>\t\t\t<div class=\"elementor-counter-number-wrapper\">\n\t\t\t\t<span class=\"elementor-counter-number-prefix\"><\/span>\n\t\t\t\t<span class=\"elementor-counter-number\" data-duration=\"2000\" data-to-value=\"20\" data-from-value=\"0\" data-delimiter=\",\">0<\/span>\n\t\t\t\t<span class=\"elementor-counter-number-suffix\">+<\/span>\n\t\t\t<\/div>\n\t\t<\/div>\n\t\t\t\t\t\t<\/div>\n\t\t\t\t<\/div>\n\t\t\t\t\t<\/div>\n\t\t<\/div>\n\t\t\t\t<div class=\"elementor-column elementor-col-33 elementor-top-column elementor-element elementor-element-319b7c1\" data-id=\"319b7c1\" data-element_type=\"column\">\n\t\t\t<div class=\"elementor-widget-wrap elementor-element-populated\">\n\t\t\t\t\t\t<div class=\"elementor-element elementor-element-5e9ef60 animated-slow elementor-invisible elementor-widget elementor-widget-counter\" data-id=\"5e9ef60\" data-element_type=\"widget\" data-settings=\"{&quot;_animation&quot;:&quot;zoomIn&quot;}\" data-widget_type=\"counter.default\">\n\t\t\t\t<div class=\"elementor-widget-container\">\n\t\t\t\t\t\t\t<div class=\"elementor-counter\">\n\t\t\t<div class=\"elementor-counter-title\">zrealizowanych zam\u00f3wie\u0144<\/div>\t\t\t<div class=\"elementor-counter-number-wrapper\">\n\t\t\t\t<span class=\"elementor-counter-number-prefix\"><\/span>\n\t\t\t\t<span class=\"elementor-counter-number\" data-duration=\"1500\" data-to-value=\"1384\" data-from-value=\"0\" data-delimiter=\",\">0<\/span>\n\t\t\t\t<span class=\"elementor-counter-number-suffix\">+<\/span>\n\t\t\t<\/div>\n\t\t<\/div>\n\t\t\t\t\t\t<\/div>\n\t\t\t\t<\/div>\n\t\t\t\t\t<\/div>\n\t\t<\/div>\n\t\t\t\t<div class=\"elementor-column elementor-col-33 elementor-top-column elementor-element elementor-element-ea06ca5\" data-id=\"ea06ca5\" data-element_type=\"column\">\n\t\t\t<div class=\"elementor-widget-wrap elementor-element-populated\">\n\t\t\t\t\t\t<div class=\"elementor-element elementor-element-136016f animated-slow elementor-invisible elementor-widget elementor-widget-counter\" data-id=\"136016f\" data-element_type=\"widget\" data-settings=\"{&quot;_animation&quot;:&quot;zoomIn&quot;}\" data-widget_type=\"counter.default\">\n\t\t\t\t<div class=\"elementor-widget-container\">\n\t\t\t\t\t\t\t<div class=\"elementor-counter\">\n\t\t\t<div class=\"elementor-counter-title\">r\u00f3\u017cnych maszyn<\/div>\t\t\t<div class=\"elementor-counter-number-wrapper\">\n\t\t\t\t<span class=\"elementor-counter-number-prefix\"><\/span>\n\t\t\t\t<span class=\"elementor-counter-number\" data-duration=\"2000\" data-to-value=\"25\" data-from-value=\"0\" data-delimiter=\",\">0<\/span>\n\t\t\t\t<span class=\"elementor-counter-number-suffix\">+<\/span>\n\t\t\t<\/div>\n\t\t<\/div>\n\t\t\t\t\t\t<\/div>\n\t\t\t\t<\/div>\n\t\t\t\t\t<\/div>\n\t\t<\/div>\n\t\t\t\t\t<\/div>\n\t\t<\/section>\n\t\t\t\t<section class=\"elementor-section elementor-top-section elementor-element elementor-element-3c40957 elementor-section-boxed elementor-section-height-default elementor-section-height-default\" data-id=\"3c40957\" data-element_type=\"section\">\n\t\t\t\t\t\t<div class=\"elementor-container elementor-column-gap-default\">\n\t\t\t\t\t<div class=\"elementor-column elementor-col-100 elementor-top-column elementor-element elementor-element-088bc71\" data-id=\"088bc71\" data-element_type=\"column\">\n\t\t\t<div class=\"elementor-widget-wrap elementor-element-populated\">\n\t\t\t\t\t\t<div class=\"elementor-element elementor-element-e7a9181 elementor-widget elementor-widget-heading\" data-id=\"e7a9181\" data-element_type=\"widget\" data-widget_type=\"heading.default\">\n\t\t\t\t<div class=\"elementor-widget-container\">\n\t\t\t\t\t<h2 class=\"elementor-heading-title elementor-size-default\">WYBRANE REALIZACJE<\/h2>\t\t\t\t<\/div>\n\t\t\t\t<\/div>\n\t\t\t\t\t<\/div>\n\t\t<\/div>\n\t\t\t\t\t<\/div>\n\t\t<\/section>\n\t\t\t\t<section class=\"elementor-section elementor-top-section elementor-element elementor-element-69ba914 elementor-section-boxed elementor-section-height-default elementor-section-height-default\" data-id=\"69ba914\" data-element_type=\"section\">\n\t\t\t\t\t\t<div class=\"elementor-container elementor-column-gap-default\">\n\t\t\t\t\t<div class=\"elementor-column elementor-col-100 elementor-top-column elementor-element elementor-element-212bf66\" data-id=\"212bf66\" data-element_type=\"column\">\n\t\t\t<div class=\"elementor-widget-wrap elementor-element-populated\">\n\t\t\t\t\t\t<div class=\"elementor-element elementor-element-c6049e5 elementor-arrows-position-inside elementor-pagination-position-outside elementor-widget elementor-widget-image-carousel\" data-id=\"c6049e5\" data-element_type=\"widget\" data-settings=\"{&quot;autoplay_speed&quot;:800,&quot;speed&quot;:800,&quot;navigation&quot;:&quot;both&quot;,&quot;autoplay&quot;:&quot;yes&quot;,&quot;pause_on_hover&quot;:&quot;yes&quot;,&quot;pause_on_interaction&quot;:&quot;yes&quot;,&quot;infinite&quot;:&quot;yes&quot;}\" data-widget_type=\"image-carousel.default\">\n\t\t\t\t<div class=\"elementor-widget-container\">\n\t\t\t\t\t\t\t<div class=\"elementor-image-carousel-wrapper swiper\" role=\"region\" aria-roledescription=\"carousel\" aria-label=\"Karuzela obrazk\u00f3w\" dir=\"ltr\">\n\t\t\t<div class=\"elementor-image-carousel swiper-wrapper\" aria-live=\"off\">\n\t\t\t\t\t\t\t\t<div class=\"swiper-slide\" role=\"group\" aria-roledescription=\"slide\" aria-label=\"1 of 11\"><figure class=\"swiper-slide-inner\"><img decoding=\"async\" class=\"swiper-slide-image\" src=\"https:\/\/zumjb.pl\/wp-content\/uploads\/2022\/11\/1667987537628-scaled.jpg\" alt=\"1667987537628\" \/><\/figure><\/div><div class=\"swiper-slide\" role=\"group\" aria-roledescription=\"slide\" aria-label=\"2 of 11\"><figure class=\"swiper-slide-inner\"><img decoding=\"async\" class=\"swiper-slide-image\" src=\"https:\/\/zumjb.pl\/wp-content\/uploads\/2022\/11\/1667987537646-scaled.jpg\" alt=\"1667987537646\" \/><\/figure><\/div><div class=\"swiper-slide\" role=\"group\" aria-roledescription=\"slide\" aria-label=\"3 of 11\"><figure class=\"swiper-slide-inner\"><img decoding=\"async\" class=\"swiper-slide-image\" src=\"https:\/\/zumjb.pl\/wp-content\/uploads\/2022\/11\/1667987537665-scaled.jpg\" alt=\"1667987537665\" \/><\/figure><\/div><div class=\"swiper-slide\" role=\"group\" aria-roledescription=\"slide\" aria-label=\"4 of 11\"><figure class=\"swiper-slide-inner\"><img decoding=\"async\" class=\"swiper-slide-image\" src=\"https:\/\/zumjb.pl\/wp-content\/uploads\/2022\/11\/1667987537684-scaled.jpg\" alt=\"1667987537684\" \/><\/figure><\/div><div class=\"swiper-slide\" role=\"group\" aria-roledescription=\"slide\" aria-label=\"5 of 11\"><figure class=\"swiper-slide-inner\"><img decoding=\"async\" class=\"swiper-slide-image\" src=\"https:\/\/zumjb.pl\/wp-content\/uploads\/2022\/11\/1667987586785-scaled.jpg\" alt=\"1667987586785\" \/><\/figure><\/div><div class=\"swiper-slide\" role=\"group\" aria-roledescription=\"slide\" aria-label=\"6 of 11\"><figure class=\"swiper-slide-inner\"><img decoding=\"async\" class=\"swiper-slide-image\" src=\"https:\/\/zumjb.pl\/wp-content\/uploads\/2022\/11\/1667987586797-scaled.jpg\" alt=\"1667987586797\" \/><\/figure><\/div><div class=\"swiper-slide\" role=\"group\" aria-roledescription=\"slide\" aria-label=\"7 of 11\"><figure class=\"swiper-slide-inner\"><img decoding=\"async\" class=\"swiper-slide-image\" src=\"https:\/\/zumjb.pl\/wp-content\/uploads\/2022\/11\/1667987586808-scaled.jpg\" alt=\"1667987586808\" \/><\/figure><\/div><div class=\"swiper-slide\" role=\"group\" aria-roledescription=\"slide\" aria-label=\"8 of 11\"><figure class=\"swiper-slide-inner\"><img decoding=\"async\" class=\"swiper-slide-image\" src=\"https:\/\/zumjb.pl\/wp-content\/uploads\/2022\/11\/1667987586819-scaled.jpg\" alt=\"1667987586819\" \/><\/figure><\/div><div class=\"swiper-slide\" role=\"group\" aria-roledescription=\"slide\" aria-label=\"9 of 11\"><figure class=\"swiper-slide-inner\"><img decoding=\"async\" class=\"swiper-slide-image\" src=\"https:\/\/zumjb.pl\/wp-content\/uploads\/2022\/12\/1670845376744-scaled.jpg\" alt=\"1670845376744\" \/><\/figure><\/div><div class=\"swiper-slide\" role=\"group\" aria-roledescription=\"slide\" aria-label=\"10 of 11\"><figure class=\"swiper-slide-inner\"><img decoding=\"async\" class=\"swiper-slide-image\" src=\"https:\/\/zumjb.pl\/wp-content\/uploads\/2022\/12\/1670845376759-scaled.jpg\" alt=\"1670845376759\" \/><\/figure><\/div><div class=\"swiper-slide\" role=\"group\" aria-roledescription=\"slide\" aria-label=\"11 of 11\"><figure class=\"swiper-slide-inner\"><img decoding=\"async\" class=\"swiper-slide-image\" src=\"https:\/\/zumjb.pl\/wp-content\/uploads\/2022\/12\/1670845376776-scaled.jpg\" alt=\"1670845376776\" \/><\/figure><\/div>\t\t\t<\/div>\n\t\t\t\t\t\t\t\t\t\t\t\t<div class=\"elementor-swiper-button elementor-swiper-button-prev\" role=\"button\" tabindex=\"0\">\n\t\t\t\t\t\t<i aria-hidden=\"true\" class=\"fas fa-angle-left\"><\/i>\t\t\t\t\t<\/div>\n\t\t\t\t\t<div class=\"elementor-swiper-button elementor-swiper-button-next\" role=\"button\" tabindex=\"0\">\n\t\t\t\t\t\t<i aria-hidden=\"true\" class=\"fas fa-angle-right\"><\/i>\t\t\t\t\t<\/div>\n\t\t\t\t\n\t\t\t\t\t\t\t\t\t<div class=\"swiper-pagination\"><\/div>\n\t\t\t\t\t\t\t\t\t<\/div>\n\t\t\t\t\t\t<\/div>\n\t\t\t\t<\/div>\n\t\t\t\t\t<\/div>\n\t\t<\/div>\n\t\t\t\t\t<\/div>\n\t\t<\/section>\n\t\t\t\t<section class=\"elementor-section elementor-top-section elementor-element elementor-element-d5d2dea elementor-section-boxed elementor-section-height-default elementor-section-height-default\" data-id=\"d5d2dea\" data-element_type=\"section\">\n\t\t\t\t\t\t<div class=\"elementor-container elementor-column-gap-default\">\n\t\t\t\t\t<div class=\"elementor-column elementor-col-100 elementor-top-column elementor-element elementor-element-b4fdade\" data-id=\"b4fdade\" data-element_type=\"column\">\n\t\t\t<div class=\"elementor-widget-wrap elementor-element-populated\">\n\t\t\t\t\t\t<div class=\"elementor-element elementor-element-989e12d elementor-widget elementor-widget-heading\" data-id=\"989e12d\" data-element_type=\"widget\" data-widget_type=\"heading.default\">\n\t\t\t\t<div class=\"elementor-widget-container\">\n\t\t\t\t\t<h2 class=\"elementor-heading-title elementor-size-default\">DOTACJE<\/h2>\t\t\t\t<\/div>\n\t\t\t\t<\/div>\n\t\t\t\t\t<\/div>\n\t\t<\/div>\n\t\t\t\t\t<\/div>\n\t\t<\/section>\n\t\t\t\t<section class=\"elementor-section elementor-top-section elementor-element elementor-element-3aee13b elementor-section-boxed elementor-section-height-default elementor-section-height-default\" data-id=\"3aee13b\" data-element_type=\"section\">\n\t\t\t\t\t\t<div class=\"elementor-container elementor-column-gap-default\">\n\t\t\t\t\t<div class=\"elementor-column elementor-col-100 elementor-top-column elementor-element elementor-element-349c2d6\" data-id=\"349c2d6\" data-element_type=\"column\">\n\t\t\t<div class=\"elementor-widget-wrap elementor-element-populated\">\n\t\t\t\t\t\t<div class=\"elementor-element elementor-element-49da8c7 elementor-widget elementor-widget-image\" data-id=\"49da8c7\" data-element_type=\"widget\" data-widget_type=\"image.default\">\n\t\t\t\t<div class=\"elementor-widget-container\">\n\t\t\t\t\t\t\t\t\t\t\t\t\t\t\t<img loading=\"lazy\" decoding=\"async\" width=\"750\" height=\"100\" src=\"https:\/\/zumjb.pl\/wp-content\/uploads\/2023\/01\/belka-UE.png\" class=\"attachment-large size-large wp-image-465\" alt=\"\" srcset=\"https:\/\/zumjb.pl\/wp-content\/uploads\/2023\/01\/belka-UE.png 869w, https:\/\/zumjb.pl\/wp-content\/uploads\/2023\/01\/belka-UE-300x40.png 300w, https:\/\/zumjb.pl\/wp-content\/uploads\/2023\/01\/belka-UE-768x103.png 768w\" sizes=\"(max-width: 750px) 100vw, 750px\" \/>\t\t\t\t\t\t\t\t\t\t\t\t\t\t\t<\/div>\n\t\t\t\t<\/div>\n\t\t\t\t\t<\/div>\n\t\t<\/div>\n\t\t\t\t\t<\/div>\n\t\t<\/section>\n\t\t\t\t<section class=\"elementor-section elementor-top-section elementor-element elementor-element-ce5288c elementor-section-boxed elementor-section-height-default elementor-section-height-default\" data-id=\"ce5288c\" data-element_type=\"section\">\n\t\t\t\t\t\t<div class=\"elementor-container elementor-column-gap-default\">\n\t\t\t\t\t<div class=\"elementor-column elementor-col-100 elementor-top-column elementor-element elementor-element-01efe70\" data-id=\"01efe70\" data-element_type=\"column\">\n\t\t\t<div class=\"elementor-widget-wrap elementor-element-populated\">\n\t\t\t\t\t\t<div class=\"elementor-element elementor-element-cd61a54 elementor-widget elementor-widget-image\" data-id=\"cd61a54\" data-element_type=\"widget\" data-widget_type=\"image.default\">\n\t\t\t\t<div class=\"elementor-widget-container\">\n\t\t\t\t\t\t\t\t\t\t\t\t\t\t\t<img loading=\"lazy\" decoding=\"async\" width=\"750\" height=\"535\" src=\"https:\/\/zumjb.pl\/wp-content\/uploads\/2023\/01\/plakat-A3-na-strone-768x548.png\" class=\"attachment-medium_large size-medium_large wp-image-456\" alt=\"\" srcset=\"https:\/\/zumjb.pl\/wp-content\/uploads\/2023\/01\/plakat-A3-na-strone-768x548.png 768w, https:\/\/zumjb.pl\/wp-content\/uploads\/2023\/01\/plakat-A3-na-strone-300x214.png 300w, https:\/\/zumjb.pl\/wp-content\/uploads\/2023\/01\/plakat-A3-na-strone-1024x731.png 1024w, https:\/\/zumjb.pl\/wp-content\/uploads\/2023\/01\/plakat-A3-na-strone.png 1098w\" sizes=\"(max-width: 750px) 100vw, 750px\" \/>\t\t\t\t\t\t\t\t\t\t\t\t\t\t\t<\/div>\n\t\t\t\t<\/div>\n\t\t\t\t\t<\/div>\n\t\t<\/div>\n\t\t\t\t\t<\/div>\n\t\t<\/section>\n\t\t\t\t<\/div>\n\t\t","protected":false},"excerpt":{"rendered":"<p>Historia firmy si\u0119ga 2004 roku. Wtedy to w\u0142a\u015bciciel &#8211; Jerzy Bednarz postanowi\u0142 wykorzysta\u0107 swoje wieloletnie ju\u017c do\u015bwiadczenie w pracy tokarza-frezera w wype\u0142nieniu luki w \u015bwiadczeniu us\u0142ug obr\u00f3bki wi\u00f3rowej na lokalnym rynku. Pocz\u0105tkowo w ma\u0142ym zak\u0142adzie &#8211; w gara\u017cu pojawi\u0142y si\u0119 pierwsze konwencjonalne tokarki i frezarki. Z czasem poszerza\u0142o si\u0119 grono [&hellip;]<\/p>\n","protected":false},"author":1,"featured_media":0,"parent":0,"menu_order":0,"comment_status":"closed","ping_status":"closed","template":"","meta":{"footnotes":""},"class_list":["post-13","page","type-page","status-publish","hentry"],"_links":{"self":[{"href":"https:\/\/zumjb.pl\/index.php?rest_route=\/wp\/v2\/pages\/13","targetHints":{"allow":["GET"]}}],"collection":[{"href":"https:\/\/zumjb.pl\/index.php?rest_route=\/wp\/v2\/pages"}],"about":[{"href":"https:\/\/zumjb.pl\/index.php?rest_route=\/wp\/v2\/types\/page"}],"author":[{"embeddable":true,"href":"https:\/\/zumjb.pl\/index.php?rest_route=\/wp\/v2\/users\/1"}],"replies":[{"embeddable":true,"href":"https:\/\/zumjb.pl\/index.php?rest_route=%2Fwp%2Fv2%2Fcomments&post=13"}],"version-history":[{"count":133,"href":"https:\/\/zumjb.pl\/index.php?rest_route=\/wp\/v2\/pages\/13\/revisions"}],"predecessor-version":[{"id":500,"href":"https:\/\/zumjb.pl\/index.php?rest_route=\/wp\/v2\/pages\/13\/revisions\/500"}],"wp:attachment":[{"href":"https:\/\/zumjb.pl\/index.php?rest_route=%2Fwp%2Fv2%2Fmedia&parent=13"}],"curies":[{"name":"wp","href":"https:\/\/api.w.org\/{rel}","templated":true}]}}