{"id":2,"date":"2022-08-27T13:34:07","date_gmt":"2022-08-27T13:34:07","guid":{"rendered":"http:\/\/zumjb.pl\/?page_id=2"},"modified":"2023-01-16T11:07:39","modified_gmt":"2023-01-16T11:07:39","slug":"sample-page","status":"publish","type":"page","link":"https:\/\/zumjb.pl\/?page_id=2","title":{"rendered":"Nasze us\u0142ugi"},"content":{"rendered":"\t\t<div data-elementor-type=\"wp-page\" data-elementor-id=\"2\" class=\"elementor elementor-2\">\n\t\t\t\t\t\t<section class=\"elementor-section elementor-top-section elementor-element elementor-element-332dd54 elementor-section-boxed elementor-section-height-default elementor-section-height-default\" data-id=\"332dd54\" data-element_type=\"section\">\n\t\t\t\t\t\t<div class=\"elementor-container elementor-column-gap-default\">\n\t\t\t\t\t<div class=\"elementor-column elementor-col-100 elementor-top-column elementor-element elementor-element-209c7b1\" data-id=\"209c7b1\" data-element_type=\"column\">\n\t\t\t<div class=\"elementor-widget-wrap elementor-element-populated\">\n\t\t\t\t\t\t<div class=\"elementor-element elementor-element-1733d2c elementor-widget elementor-widget-heading\" data-id=\"1733d2c\" data-element_type=\"widget\" data-widget_type=\"heading.default\">\n\t\t\t\t<div class=\"elementor-widget-container\">\n\t\t\t\t\t<h2 class=\"elementor-heading-title elementor-size-default\">Toczenie <\/h2>\t\t\t\t<\/div>\n\t\t\t\t<\/div>\n\t\t\t\t\t<\/div>\n\t\t<\/div>\n\t\t\t\t\t<\/div>\n\t\t<\/section>\n\t\t\t\t<section class=\"elementor-section elementor-top-section elementor-element elementor-element-d3a2c4b elementor-section-boxed elementor-section-height-default elementor-section-height-default\" data-id=\"d3a2c4b\" data-element_type=\"section\">\n\t\t\t\t\t\t<div class=\"elementor-container elementor-column-gap-default\">\n\t\t\t\t\t<div class=\"elementor-column elementor-col-100 elementor-top-column elementor-element elementor-element-d38a6b3\" data-id=\"d38a6b3\" data-element_type=\"column\">\n\t\t\t<div class=\"elementor-widget-wrap elementor-element-populated\">\n\t\t\t\t\t\t<div class=\"elementor-element elementor-element-5641761 elementor-widget elementor-widget-text-editor\" data-id=\"5641761\" data-element_type=\"widget\" data-widget_type=\"text-editor.default\">\n\t\t\t\t<div class=\"elementor-widget-container\">\n\t\t\t\t\t\t\t\t\t<p>W naszym zak\u0142adzie oferujemy naszym Klientom oraz sta\u0142ym Kooperantom szeroki zakres us\u0142ug tokarskich. Jeste\u015bmy w stanie wykona\u0107 zar\u00f3wno drobne elementy wymagaj\u0105ce wysokiej precyzji wykonania, jak i elementy du\u017cej o masie nawet kilkuset kilogram\u00f3w.\u00a0<\/p><p>Oferujemy obr\u00f3bk\u0119 w gatunkach stali konstrukcyjnej, stali jako\u015bciowych, metali kolorowych, tworzyw sztucznych.<\/p><p>Posiadamy zar\u00f3wno tokarki konwencjonalne, jak i tokarki CNC. Maszyny te oczywi\u015bcie posiadaj\u0105 r\u00f3\u017cne zakresy obr\u00f3bki, co daje nam uniwersalny park maszynowy do realizacji zlece\u0144.<\/p><p>Zakres toczenia:<\/p><p>&#8211; na tokarkach CNC: \u03a6 400 x 1000 mm<\/p><p>&#8211; na tokarkach konwencjonalnych:\u00a0 \u03a6 800 x 3000 mm<\/p>\t\t\t\t\t\t\t\t<\/div>\n\t\t\t\t<\/div>\n\t\t\t\t\t<\/div>\n\t\t<\/div>\n\t\t\t\t\t<\/div>\n\t\t<\/section>\n\t\t\t\t<section class=\"elementor-section elementor-top-section elementor-element elementor-element-a92d142 elementor-section-boxed elementor-section-height-default elementor-section-height-default\" data-id=\"a92d142\" data-element_type=\"section\">\n\t\t\t\t\t\t<div class=\"elementor-container elementor-column-gap-default\">\n\t\t\t\t\t<div class=\"elementor-column elementor-col-100 elementor-top-column elementor-element elementor-element-8937b98\" data-id=\"8937b98\" data-element_type=\"column\">\n\t\t\t<div class=\"elementor-widget-wrap elementor-element-populated\">\n\t\t\t\t\t\t<div class=\"elementor-element elementor-element-372eb2d elementor-widget elementor-widget-heading\" data-id=\"372eb2d\" data-element_type=\"widget\" data-widget_type=\"heading.default\">\n\t\t\t\t<div class=\"elementor-widget-container\">\n\t\t\t\t\t<h2 class=\"elementor-heading-title elementor-size-default\">Frezowanie<\/h2>\t\t\t\t<\/div>\n\t\t\t\t<\/div>\n\t\t\t\t\t<\/div>\n\t\t<\/div>\n\t\t\t\t\t<\/div>\n\t\t<\/section>\n\t\t\t\t<section class=\"elementor-section elementor-top-section elementor-element elementor-element-71d5958 elementor-section-boxed elementor-section-height-default elementor-section-height-default\" data-id=\"71d5958\" data-element_type=\"section\">\n\t\t\t\t\t\t<div class=\"elementor-container elementor-column-gap-default\">\n\t\t\t\t\t<div class=\"elementor-column elementor-col-100 elementor-top-column elementor-element elementor-element-1f88f91\" data-id=\"1f88f91\" data-element_type=\"column\">\n\t\t\t<div class=\"elementor-widget-wrap elementor-element-populated\">\n\t\t\t\t\t\t<div class=\"elementor-element elementor-element-dc50259 elementor-widget elementor-widget-text-editor\" data-id=\"dc50259\" data-element_type=\"widget\" data-widget_type=\"text-editor.default\">\n\t\t\t\t<div class=\"elementor-widget-container\">\n\t\t\t\t\t\t\t\t\t<p><\/p>\n<p>Oferujemy us\u0142ugi frezowania zar\u00f3wno na maszynach konwencjonalnych, jak i na maszynach CNC.&nbsp;<\/p>\n<p>Jeste\u015bmy w stanie realizowa\u0107 zlecenia seryjne; detale, kt\u00f3re wymagaj\u0105 wysokiej precyzji wykonania. Zajmujemy si\u0119 obr\u00f3bk\u0105 konstrukcji o masie nawet kilkuset kilogram\u00f3w czy o d\u0142ugo\u015bci kilku metr\u00f3w (np. belki 6-metrowe).&nbsp;<\/p>\n<p>W swoich planach mamy uruchomienie frezarki bramowej CNC, jak i poszerzanie parku maszyn o kolejne frezarki\/centra obr\u00f3bcze CNC.&nbsp;<\/p>\n<p>Zakres frezowania:<\/p>\n<p>pole robocze: 1250 x 550 x 500 mm (dzi\u0119ki otwartej konstrukcji maszyn jeste\u015bmy w stanie realizowa\u0107 elementy o d\u0142ugo\u015bci kilku metr\u00f3w)<\/p>\t\t\t\t\t\t\t\t<\/div>\n\t\t\t\t<\/div>\n\t\t\t\t\t<\/div>\n\t\t<\/div>\n\t\t\t\t\t<\/div>\n\t\t<\/section>\n\t\t\t\t<section class=\"elementor-section elementor-top-section elementor-element elementor-element-44f42b2 elementor-section-boxed elementor-section-height-default elementor-section-height-default\" data-id=\"44f42b2\" data-element_type=\"section\">\n\t\t\t\t\t\t<div class=\"elementor-container elementor-column-gap-default\">\n\t\t\t\t\t<div class=\"elementor-column elementor-col-100 elementor-top-column elementor-element elementor-element-ff0b84c\" data-id=\"ff0b84c\" data-element_type=\"column\">\n\t\t\t<div class=\"elementor-widget-wrap elementor-element-populated\">\n\t\t\t\t\t\t<div class=\"elementor-element elementor-element-62afc92 elementor-widget elementor-widget-heading\" data-id=\"62afc92\" data-element_type=\"widget\" data-widget_type=\"heading.default\">\n\t\t\t\t<div class=\"elementor-widget-container\">\n\t\t\t\t\t<h2 class=\"elementor-heading-title elementor-size-default\">Narz\u0119dzia wyt\u0142aczarskie<\/h2>\t\t\t\t<\/div>\n\t\t\t\t<\/div>\n\t\t\t\t\t<\/div>\n\t\t<\/div>\n\t\t\t\t\t<\/div>\n\t\t<\/section>\n\t\t\t\t<section class=\"elementor-section elementor-top-section elementor-element elementor-element-2330a8e elementor-section-boxed elementor-section-height-default elementor-section-height-default\" data-id=\"2330a8e\" data-element_type=\"section\">\n\t\t\t\t\t\t<div class=\"elementor-container elementor-column-gap-default\">\n\t\t\t\t\t<div class=\"elementor-column elementor-col-100 elementor-top-column elementor-element elementor-element-6d3fa1c\" data-id=\"6d3fa1c\" data-element_type=\"column\">\n\t\t\t<div class=\"elementor-widget-wrap elementor-element-populated\">\n\t\t\t\t\t\t<div class=\"elementor-element elementor-element-d197c85 elementor-widget elementor-widget-text-editor\" data-id=\"d197c85\" data-element_type=\"widget\" data-widget_type=\"text-editor.default\">\n\t\t\t\t<div class=\"elementor-widget-container\">\n\t\t\t\t\t\t\t\t\t<p>Dzi\u0119ki dofinansowaniu ze \u015brodk\u00f3w Unii Europejskiej w ramach Europejskiego Funduszu Rozwoju Regionalnego nasza firma wprowadzi\u0142a now\u0105, innowacyjn\u0105 us\u0142ug\u0119 &#8211; produkcj\u0119 narz\u0119dzi wyt\u0142aczarskich &#8211; g\u0142owic w trybie instant manufacturing (na \u017c\u0105danie), dzi\u0119ki kt\u00f3rym mo\u017cna wyt\u0142acza\u0107 profile z tworzyw wielkocz\u0105steczkowych.<\/p><p><\/p><p>Jeste\u015bmy w stanie w bardzo szybkim czasie wyprodukowa\u0107 g\u0142owic\u0119 naszej konstrukcji odpowiadaj\u0105c\u0105 potrzebom naszych Klient\u00f3w. Jeste\u015bmy w stanie dobra\u0107 parametry g\u0142owicy indywidualnie pod potrzeby danego produktu, jaki ma by\u0107 wyt\u0142aczany z danego narz\u0119dzia wyt\u0142aczarskiego.\u00a0<\/p><p>Zach\u0119camy do kontaktu poprzez zak\u0142adk\u0119 KONTAKT.<\/p>\t\t\t\t\t\t\t\t<\/div>\n\t\t\t\t<\/div>\n\t\t\t\t\t<\/div>\n\t\t<\/div>\n\t\t\t\t\t<\/div>\n\t\t<\/section>\n\t\t\t\t<section class=\"elementor-section elementor-top-section elementor-element elementor-element-056100e elementor-section-boxed elementor-section-height-default elementor-section-height-default\" data-id=\"056100e\" data-element_type=\"section\">\n\t\t\t\t\t\t<div class=\"elementor-container elementor-column-gap-default\">\n\t\t\t\t\t<div class=\"elementor-column elementor-col-100 elementor-top-column elementor-element elementor-element-7a7e656\" data-id=\"7a7e656\" data-element_type=\"column\">\n\t\t\t<div class=\"elementor-widget-wrap elementor-element-populated\">\n\t\t\t\t\t\t<div class=\"elementor-element elementor-element-d82a1f0 elementor-widget elementor-widget-heading\" data-id=\"d82a1f0\" data-element_type=\"widget\" data-widget_type=\"heading.default\">\n\t\t\t\t<div class=\"elementor-widget-container\">\n\t\t\t\t\t<h2 class=\"elementor-heading-title elementor-size-default\">Konstrukcje spawane<\/h2>\t\t\t\t<\/div>\n\t\t\t\t<\/div>\n\t\t\t\t\t<\/div>\n\t\t<\/div>\n\t\t\t\t\t<\/div>\n\t\t<\/section>\n\t\t\t\t<section class=\"elementor-section elementor-top-section elementor-element elementor-element-7d17305 elementor-section-boxed elementor-section-height-default elementor-section-height-default\" data-id=\"7d17305\" data-element_type=\"section\">\n\t\t\t\t\t\t<div class=\"elementor-container elementor-column-gap-default\">\n\t\t\t\t\t<div class=\"elementor-column elementor-col-100 elementor-top-column elementor-element elementor-element-6187f29\" data-id=\"6187f29\" data-element_type=\"column\">\n\t\t\t<div class=\"elementor-widget-wrap elementor-element-populated\">\n\t\t\t\t\t\t<div class=\"elementor-element elementor-element-e2d74b7 elementor-widget elementor-widget-text-editor\" data-id=\"e2d74b7\" data-element_type=\"widget\" data-widget_type=\"text-editor.default\">\n\t\t\t\t<div class=\"elementor-widget-container\">\n\t\t\t\t\t\t\t\t\t<p>Wykonujemy konstrukcje spawane (jak i maszyny, urz\u0105dzenia), kt\u00f3re wymagaj\u0105 mi\u0119dzy innymi obr\u00f3bki mechanicznej. Jako, \u017ce posiadamy w firmie maszyny o szerokim zastosowaniu, zapewnia nam to mo\u017cliwo\u015b\u0107 wypalania detali, zaginania, walcowania czy spawania. Dzi\u0119ki temu jeste\u015bmy w stanie kompleksowo wykona\u0107 konstrukcje.&nbsp;<\/p>\n<p><br><\/p>\t\t\t\t\t\t\t\t<\/div>\n\t\t\t\t<\/div>\n\t\t\t\t\t<\/div>\n\t\t<\/div>\n\t\t\t\t\t<\/div>\n\t\t<\/section>\n\t\t\t\t<\/div>\n\t\t","protected":false},"excerpt":{"rendered":"<p>Toczenie W naszym zak\u0142adzie oferujemy naszym Klientom oraz sta\u0142ym Kooperantom szeroki zakres us\u0142ug tokarskich. Jeste\u015bmy w stanie wykona\u0107 zar\u00f3wno drobne elementy wymagaj\u0105ce wysokiej precyzji wykonania, jak i elementy du\u017cej o masie nawet kilkuset kilogram\u00f3w.\u00a0 Oferujemy obr\u00f3bk\u0119 w gatunkach stali konstrukcyjnej, stali jako\u015bciowych, metali kolorowych, tworzyw sztucznych. Posiadamy zar\u00f3wno tokarki konwencjonalne, [&hellip;]<\/p>\n","protected":false},"author":1,"featured_media":0,"parent":0,"menu_order":0,"comment_status":"closed","ping_status":"open","template":"","meta":{"footnotes":""},"class_list":["post-2","page","type-page","status-publish","hentry"],"_links":{"self":[{"href":"https:\/\/zumjb.pl\/index.php?rest_route=\/wp\/v2\/pages\/2","targetHints":{"allow":["GET"]}}],"collection":[{"href":"https:\/\/zumjb.pl\/index.php?rest_route=\/wp\/v2\/pages"}],"about":[{"href":"https:\/\/zumjb.pl\/index.php?rest_route=\/wp\/v2\/types\/page"}],"author":[{"embeddable":true,"href":"https:\/\/zumjb.pl\/index.php?rest_route=\/wp\/v2\/users\/1"}],"replies":[{"embeddable":true,"href":"https:\/\/zumjb.pl\/index.php?rest_route=%2Fwp%2Fv2%2Fcomments&post=2"}],"version-history":[{"count":31,"href":"https:\/\/zumjb.pl\/index.php?rest_route=\/wp\/v2\/pages\/2\/revisions"}],"predecessor-version":[{"id":464,"href":"https:\/\/zumjb.pl\/index.php?rest_route=\/wp\/v2\/pages\/2\/revisions\/464"}],"wp:attachment":[{"href":"https:\/\/zumjb.pl\/index.php?rest_route=%2Fwp%2Fv2%2Fmedia&parent=2"}],"curies":[{"name":"wp","href":"https:\/\/api.w.org\/{rel}","templated":true}]}}