{"id":78,"date":"2022-09-05T08:42:39","date_gmt":"2022-09-05T08:42:39","guid":{"rendered":"http:\/\/zumjb.pl\/?page_id=78"},"modified":"2023-01-16T11:22:19","modified_gmt":"2023-01-16T11:22:19","slug":"ue-certyfikaty","status":"publish","type":"page","link":"https:\/\/zumjb.pl\/?page_id=78","title":{"rendered":"UE | CERTYFIKATY"},"content":{"rendered":"\t\t<div data-elementor-type=\"wp-page\" data-elementor-id=\"78\" class=\"elementor elementor-78\">\n\t\t\t\t\t\t<section class=\"elementor-section elementor-top-section elementor-element elementor-element-6a53fcc elementor-section-boxed elementor-section-height-default elementor-section-height-default\" data-id=\"6a53fcc\" data-element_type=\"section\">\n\t\t\t\t\t\t<div class=\"elementor-container elementor-column-gap-default\">\n\t\t\t\t\t<div class=\"elementor-column elementor-col-100 elementor-top-column elementor-element elementor-element-34e0109\" data-id=\"34e0109\" data-element_type=\"column\">\n\t\t\t<div class=\"elementor-widget-wrap elementor-element-populated\">\n\t\t\t\t\t\t<div class=\"elementor-element elementor-element-2625066 elementor-widget elementor-widget-heading\" data-id=\"2625066\" data-element_type=\"widget\" data-widget_type=\"heading.default\">\n\t\t\t\t<div class=\"elementor-widget-container\">\n\t\t\t\t\t<h2 class=\"elementor-heading-title elementor-size-default\">GRANTY I DOTACJE<\/h2>\t\t\t\t<\/div>\n\t\t\t\t<\/div>\n\t\t\t\t\t<\/div>\n\t\t<\/div>\n\t\t\t\t\t<\/div>\n\t\t<\/section>\n\t\t\t\t<section class=\"elementor-section elementor-top-section elementor-element elementor-element-32316a5 elementor-section-boxed elementor-section-height-default elementor-section-height-default\" data-id=\"32316a5\" data-element_type=\"section\">\n\t\t\t\t\t\t<div class=\"elementor-container elementor-column-gap-default\">\n\t\t\t\t\t<div class=\"elementor-column elementor-col-100 elementor-top-column elementor-element elementor-element-10b7fc3\" data-id=\"10b7fc3\" data-element_type=\"column\">\n\t\t\t<div class=\"elementor-widget-wrap elementor-element-populated\">\n\t\t\t\t\t\t<div class=\"elementor-element elementor-element-3aa91a5 elementor-widget elementor-widget-image\" data-id=\"3aa91a5\" data-element_type=\"widget\" data-widget_type=\"image.default\">\n\t\t\t\t<div class=\"elementor-widget-container\">\n\t\t\t\t\t\t\t\t\t\t\t\t\t\t\t<img fetchpriority=\"high\" decoding=\"async\" width=\"750\" height=\"406\" src=\"https:\/\/zumjb.pl\/wp-content\/uploads\/2022\/11\/UE-grant-CAD-CAM-1024x554.png\" class=\"attachment-large size-large wp-image-167\" alt=\"\" srcset=\"https:\/\/zumjb.pl\/wp-content\/uploads\/2022\/11\/UE-grant-CAD-CAM-1024x554.png 1024w, https:\/\/zumjb.pl\/wp-content\/uploads\/2022\/11\/UE-grant-CAD-CAM-300x162.png 300w, https:\/\/zumjb.pl\/wp-content\/uploads\/2022\/11\/UE-grant-CAD-CAM-768x416.png 768w, https:\/\/zumjb.pl\/wp-content\/uploads\/2022\/11\/UE-grant-CAD-CAM.png 1192w\" sizes=\"(max-width: 750px) 100vw, 750px\" \/>\t\t\t\t\t\t\t\t\t\t\t\t\t\t\t<\/div>\n\t\t\t\t<\/div>\n\t\t\t\t\t<\/div>\n\t\t<\/div>\n\t\t\t\t\t<\/div>\n\t\t<\/section>\n\t\t\t\t<section class=\"elementor-section elementor-top-section elementor-element elementor-element-6866691 elementor-section-boxed elementor-section-height-default elementor-section-height-default\" data-id=\"6866691\" data-element_type=\"section\">\n\t\t\t\t\t\t<div class=\"elementor-container elementor-column-gap-default\">\n\t\t\t\t\t<div class=\"elementor-column elementor-col-100 elementor-top-column elementor-element elementor-element-9bf1270\" data-id=\"9bf1270\" data-element_type=\"column\">\n\t\t\t<div class=\"elementor-widget-wrap elementor-element-populated\">\n\t\t\t\t\t\t<div class=\"elementor-element elementor-element-7f2eec8 elementor-widget elementor-widget-heading\" data-id=\"7f2eec8\" data-element_type=\"widget\" data-widget_type=\"heading.default\">\n\t\t\t\t<div class=\"elementor-widget-container\">\n\t\t\t\t\t<h1 class=\"elementor-heading-title elementor-size-default\">*****************************************************************************************************<\/h1>\t\t\t\t<\/div>\n\t\t\t\t<\/div>\n\t\t\t\t\t<\/div>\n\t\t<\/div>\n\t\t\t\t\t<\/div>\n\t\t<\/section>\n\t\t\t\t<section class=\"elementor-section elementor-top-section elementor-element elementor-element-d96ee35 elementor-section-boxed elementor-section-height-default elementor-section-height-default\" data-id=\"d96ee35\" data-element_type=\"section\">\n\t\t\t\t\t\t<div class=\"elementor-container elementor-column-gap-default\">\n\t\t\t\t\t<div class=\"elementor-column elementor-col-100 elementor-top-column elementor-element elementor-element-2446af0\" data-id=\"2446af0\" data-element_type=\"column\">\n\t\t\t<div class=\"elementor-widget-wrap elementor-element-populated\">\n\t\t\t\t\t\t<div class=\"elementor-element elementor-element-c043200 elementor-widget elementor-widget-image\" data-id=\"c043200\" data-element_type=\"widget\" data-widget_type=\"image.default\">\n\t\t\t\t<div class=\"elementor-widget-container\">\n\t\t\t\t\t\t\t\t\t\t\t\t\t\t\t<img decoding=\"async\" width=\"750\" height=\"100\" src=\"https:\/\/zumjb.pl\/wp-content\/uploads\/2023\/01\/belka-UE.png\" class=\"attachment-large size-large wp-image-465\" alt=\"\" srcset=\"https:\/\/zumjb.pl\/wp-content\/uploads\/2023\/01\/belka-UE.png 869w, https:\/\/zumjb.pl\/wp-content\/uploads\/2023\/01\/belka-UE-300x40.png 300w, https:\/\/zumjb.pl\/wp-content\/uploads\/2023\/01\/belka-UE-768x103.png 768w\" sizes=\"(max-width: 750px) 100vw, 750px\" \/>\t\t\t\t\t\t\t\t\t\t\t\t\t\t\t<\/div>\n\t\t\t\t<\/div>\n\t\t\t\t\t<\/div>\n\t\t<\/div>\n\t\t\t\t\t<\/div>\n\t\t<\/section>\n\t\t\t\t<section class=\"elementor-section elementor-top-section elementor-element elementor-element-0050590 elementor-section-boxed elementor-section-height-default elementor-section-height-default\" data-id=\"0050590\" data-element_type=\"section\">\n\t\t\t\t\t\t<div class=\"elementor-container elementor-column-gap-default\">\n\t\t\t\t\t<div class=\"elementor-column elementor-col-100 elementor-top-column elementor-element elementor-element-e31674e\" data-id=\"e31674e\" data-element_type=\"column\">\n\t\t\t<div class=\"elementor-widget-wrap elementor-element-populated\">\n\t\t\t\t\t\t<div class=\"elementor-element elementor-element-81d6c10 elementor-widget elementor-widget-text-editor\" data-id=\"81d6c10\" data-element_type=\"widget\" data-widget_type=\"text-editor.default\">\n\t\t\t\t<div class=\"elementor-widget-container\">\n\t\t\t\t\t\t\t\t\t<p>Projekt wsp\u00f3\u0142finansowany ze \u015brodk\u00f3w Unii Europejskiej w ramach Europejskiego Funduszu Rozwoju Regionalnego<\/p>\t\t\t\t\t\t\t\t<\/div>\n\t\t\t\t<\/div>\n\t\t\t\t\t<\/div>\n\t\t<\/div>\n\t\t\t\t\t<\/div>\n\t\t<\/section>\n\t\t\t\t<section class=\"elementor-section elementor-top-section elementor-element elementor-element-171380e elementor-section-boxed elementor-section-height-default elementor-section-height-default\" data-id=\"171380e\" data-element_type=\"section\">\n\t\t\t\t\t\t<div class=\"elementor-container elementor-column-gap-default\">\n\t\t\t\t\t<div class=\"elementor-column elementor-col-100 elementor-top-column elementor-element elementor-element-b8fed0d\" data-id=\"b8fed0d\" data-element_type=\"column\">\n\t\t\t<div class=\"elementor-widget-wrap elementor-element-populated\">\n\t\t\t\t\t\t<div class=\"elementor-element elementor-element-6b267fc elementor-widget elementor-widget-image\" data-id=\"6b267fc\" data-element_type=\"widget\" data-widget_type=\"image.default\">\n\t\t\t\t<div class=\"elementor-widget-container\">\n\t\t\t\t\t\t\t\t\t\t\t\t\t\t\t<img decoding=\"async\" width=\"750\" height=\"535\" src=\"https:\/\/zumjb.pl\/wp-content\/uploads\/2023\/01\/plakat-A3-na-strone-1024x731.png\" class=\"attachment-large size-large wp-image-456\" alt=\"\" srcset=\"https:\/\/zumjb.pl\/wp-content\/uploads\/2023\/01\/plakat-A3-na-strone-1024x731.png 1024w, https:\/\/zumjb.pl\/wp-content\/uploads\/2023\/01\/plakat-A3-na-strone-300x214.png 300w, https:\/\/zumjb.pl\/wp-content\/uploads\/2023\/01\/plakat-A3-na-strone-768x548.png 768w, https:\/\/zumjb.pl\/wp-content\/uploads\/2023\/01\/plakat-A3-na-strone.png 1098w\" sizes=\"(max-width: 750px) 100vw, 750px\" \/>\t\t\t\t\t\t\t\t\t\t\t\t\t\t\t<\/div>\n\t\t\t\t<\/div>\n\t\t\t\t\t<\/div>\n\t\t<\/div>\n\t\t\t\t\t<\/div>\n\t\t<\/section>\n\t\t\t\t<section class=\"elementor-section elementor-top-section elementor-element elementor-element-ff2181a elementor-section-boxed elementor-section-height-default elementor-section-height-default\" data-id=\"ff2181a\" data-element_type=\"section\">\n\t\t\t\t\t\t<div class=\"elementor-container elementor-column-gap-default\">\n\t\t\t\t\t<div class=\"elementor-column elementor-col-100 elementor-top-column elementor-element elementor-element-5416c13\" data-id=\"5416c13\" data-element_type=\"column\">\n\t\t\t<div class=\"elementor-widget-wrap elementor-element-populated\">\n\t\t\t\t\t\t<div class=\"elementor-element elementor-element-8ee8888 elementor-widget elementor-widget-heading\" data-id=\"8ee8888\" data-element_type=\"widget\" data-widget_type=\"heading.default\">\n\t\t\t\t<div class=\"elementor-widget-container\">\n\t\t\t\t\t<h2 class=\"elementor-heading-title elementor-size-default\">CERTYFIKATY<\/h2>\t\t\t\t<\/div>\n\t\t\t\t<\/div>\n\t\t\t\t\t<\/div>\n\t\t<\/div>\n\t\t\t\t\t<\/div>\n\t\t<\/section>\n\t\t\t\t<section class=\"elementor-section elementor-top-section elementor-element elementor-element-c66cda9 elementor-section-boxed elementor-section-height-default elementor-section-height-default\" data-id=\"c66cda9\" data-element_type=\"section\">\n\t\t\t\t\t\t<div class=\"elementor-container elementor-column-gap-default\">\n\t\t\t\t\t<div class=\"elementor-column elementor-col-100 elementor-top-column elementor-element elementor-element-957a645\" data-id=\"957a645\" data-element_type=\"column\">\n\t\t\t<div class=\"elementor-widget-wrap elementor-element-populated\">\n\t\t\t\t\t\t<div class=\"elementor-element elementor-element-50c6bbd elementor-widget elementor-widget-heading\" data-id=\"50c6bbd\" data-element_type=\"widget\" data-widget_type=\"heading.default\">\n\t\t\t\t<div class=\"elementor-widget-container\">\n\t\t\t\t\t<h2 class=\"elementor-heading-title elementor-size-default\">CERTYFIKAT ISO 9001:2015<\/h2>\t\t\t\t<\/div>\n\t\t\t\t<\/div>\n\t\t\t\t\t<\/div>\n\t\t<\/div>\n\t\t\t\t\t<\/div>\n\t\t<\/section>\n\t\t\t\t<section class=\"elementor-section elementor-top-section elementor-element elementor-element-1296aee elementor-section-boxed elementor-section-height-default elementor-section-height-default\" data-id=\"1296aee\" data-element_type=\"section\">\n\t\t\t\t\t\t<div class=\"elementor-container elementor-column-gap-default\">\n\t\t\t\t\t<div class=\"elementor-column elementor-col-100 elementor-top-column elementor-element elementor-element-cf6da3a\" data-id=\"cf6da3a\" data-element_type=\"column\">\n\t\t\t<div class=\"elementor-widget-wrap elementor-element-populated\">\n\t\t\t\t\t\t<div class=\"elementor-element elementor-element-b85184d elementor-widget elementor-widget-image\" data-id=\"b85184d\" data-element_type=\"widget\" data-widget_type=\"image.default\">\n\t\t\t\t<div class=\"elementor-widget-container\">\n\t\t\t\t\t\t\t\t\t\t\t\t\t\t\t<img loading=\"lazy\" decoding=\"async\" width=\"637\" height=\"906\" src=\"https:\/\/zumjb.pl\/wp-content\/uploads\/2022\/12\/ISO-9001-certyfikat.png\" class=\"attachment-large size-large wp-image-442\" alt=\"\" srcset=\"https:\/\/zumjb.pl\/wp-content\/uploads\/2022\/12\/ISO-9001-certyfikat.png 637w, https:\/\/zumjb.pl\/wp-content\/uploads\/2022\/12\/ISO-9001-certyfikat-211x300.png 211w\" sizes=\"(max-width: 637px) 100vw, 637px\" \/>\t\t\t\t\t\t\t\t\t\t\t\t\t\t\t<\/div>\n\t\t\t\t<\/div>\n\t\t\t\t\t<\/div>\n\t\t<\/div>\n\t\t\t\t\t<\/div>\n\t\t<\/section>\n\t\t\t\t<\/div>\n\t\t","protected":false},"excerpt":{"rendered":"<p>GRANTY I DOTACJE ***************************************************************************************************** Projekt wsp\u00f3\u0142finansowany ze \u015brodk\u00f3w Unii Europejskiej w ramach Europejskiego Funduszu Rozwoju Regionalnego CERTYFIKATY CERTYFIKAT ISO 9001:2015<\/p>\n","protected":false},"author":1,"featured_media":0,"parent":0,"menu_order":0,"comment_status":"closed","ping_status":"closed","template":"page-templates\/template-pagebuilder-full-width.php","meta":{"footnotes":""},"class_list":["post-78","page","type-page","status-publish","hentry"],"_links":{"self":[{"href":"https:\/\/zumjb.pl\/index.php?rest_route=\/wp\/v2\/pages\/78","targetHints":{"allow":["GET"]}}],"collection":[{"href":"https:\/\/zumjb.pl\/index.php?rest_route=\/wp\/v2\/pages"}],"about":[{"href":"https:\/\/zumjb.pl\/index.php?rest_route=\/wp\/v2\/types\/page"}],"author":[{"embeddable":true,"href":"https:\/\/zumjb.pl\/index.php?rest_route=\/wp\/v2\/users\/1"}],"replies":[{"embeddable":true,"href":"https:\/\/zumjb.pl\/index.php?rest_route=%2Fwp%2Fv2%2Fcomments&post=78"}],"version-history":[{"count":31,"href":"https:\/\/zumjb.pl\/index.php?rest_route=\/wp\/v2\/pages\/78\/revisions"}],"predecessor-version":[{"id":471,"href":"https:\/\/zumjb.pl\/index.php?rest_route=\/wp\/v2\/pages\/78\/revisions\/471"}],"wp:attachment":[{"href":"https:\/\/zumjb.pl\/index.php?rest_route=%2Fwp%2Fv2%2Fmedia&parent=78"}],"curies":[{"name":"wp","href":"https:\/\/api.w.org\/{rel}","templated":true}]}}